{"id":61,"date":"2024-03-25T03:04:35","date_gmt":"2024-03-25T03:04:35","guid":{"rendered":"https:\/\/www.tzrmetal.com\/?page_id=61"},"modified":"2025-05-16T03:10:29","modified_gmt":"2025-05-16T03:10:29","slug":"blogs","status":"publish","type":"page","link":"https:\/\/tzrmetal.com\/de\/blogs\/","title":{"rendered":"Blogs"},"content":{"rendered":"<div data-elementor-type=\"wp-page\" data-elementor-id=\"61\" class=\"elementor elementor-61\" data-elementor-post-type=\"page\">\n\t\t\t\t\t\t<section class=\"elementor-section elementor-top-section elementor-element elementor-element-0d0eb43 elementor-section-boxed elementor-section-height-default elementor-section-height-default\" data-id=\"0d0eb43\" data-element_type=\"section\" data-e-type=\"section\">\n\t\t\t\t\t\t\t<div class=\"elementor-background-overlay\"><\/div>\n\t\t\t\t\t\t\t<div class=\"elementor-container elementor-column-gap-default\">\n\t\t\t\t\t<div class=\"elementor-column elementor-col-100 elementor-top-column elementor-element elementor-element-400ba75\" data-id=\"400ba75\" data-element_type=\"column\" data-e-type=\"column\">\n\t\t\t<div class=\"elementor-widget-wrap elementor-element-populated\">\n\t\t\t\t\t\t<div class=\"elementor-element elementor-element-1ce658a elementor-grid-3 elementor-grid-tablet-2 elementor-grid-mobile-1 pp-post-filters-align-left pp-search-form-icon elementor-widget elementor-widget-pp-posts\" data-id=\"1ce658a\" data-element_type=\"widget\" data-e-type=\"widget\" data-widget_type=\"pp-posts.classic\">\n\t\t\t\t<div class=\"elementor-widget-container\">\n\t\t\t\t\t\t\t<div class=\"pp-post-filters-container\" data-search-form=\"show\" data-search-action=\"button-click\">\n\t\t\t\t\t\t<div class=\"pp-post-filters-wrap pp-post-filters-dropdown-no\">\n\t\t\t\t<ul class=\"pp-post-filters\">\n\t\t\t\t\t\t\t\t\t\t\t<li class=\"pp-post-filter pp-filter-current\" data-filter=\"*\" data-taxonomy=\"\">Alle<\/li>\n\t\t\t\t\t\t\t\t\t\t\t\t\t\t\t\t\t\t\t\t\t\t\t\t\t\t\t\t\t\t<li class=\"pp-post-filter\" data-filter=\".uncategorized\" data-taxonomy=\".category\">Uncategorized<\/li>\n\t\t\t\t\t\t\t\t\t\t\t<\/ul>\n\n\t\t\t\t\t\t\t<\/div>\n\t\t\t\t\t\t\t\t<div class=\"pp-search-form-container\">\n\t\t\t<div class=\"pp-search-form\">\n\t\t\t\t<input placeholder=\"Suche...\" class=\"pp-search-form-input\" type=\"search\" name=\"s\" title=\"Suche\">\n\t\t\t\t<button class=\"pp-search-form-submit\" type=\"submit\" title=\"Suche\" aria-label=\"Suche\">\n\t\t\t\t\t\t\t\t\t\t\t<div class=\"e-font-icon-svg-container\"><svg aria-hidden=\"true\" class=\"e-font-icon-svg e-fas-search\" viewbox=\"0 0 512 512\" xmlns=\"http:\/\/www.w3.org\/2000\/svg\"><path d=\"M505 442.7L405.3 343c-4.5-4.5-10.6-7-17-7H372c27.6-35.3 44-79.7 44-128C416 93.1 322.9 0 208 0S0 93.1 0 208s93.1 208 208 208c48.3 0 92.7-16.4 128-44v16.3c0 6.4 2.5 12.5 7 17l99.7 99.7c9.4 9.4 24.6 9.4 33.9 0l28.3-28.3c9.4-9.4 9.4-24.6.1-34zM208 336c-70.7 0-128-57.2-128-128 0-70.7 57.2-128 128-128 70.7 0 128 57.2 128 128 0 70.7-57.2 128-128 128z\"><\/path><\/svg><\/div>\t\t\t\t\t\t<span class=\"elementor-screen-only\">Suche<\/span>\n\t\t\t\t\t\t\t\t\t<\/button>\n\t\t\t<\/div>\n\t\t<\/div>\n\t\t\t\t<\/div>\n\t\t\t\t<div class=\"pp-posts-container\">\n\t\t\t\n\t\t\t\t\t\t\t\t\t\t\n\t\t\t<div class=\"pp-posts pp-posts-skin-classic elementor-grid pp-posts-grid\" data-query-type=\"custom\" data-layout=\"grid\" data-page=\"61\" data-skin=\"classic\">\n\t\t\t\t\t\t\t\t\t\t\t<div class=\"pp-post-wrap pp-grid-item-wrap elementor-grid-item post-7626 post type-post status-publish format-standard has-post-thumbnail hentry category-uncategorized\">\n\t\t\t\t\t\t<div class=\"pp-post pp-grid-item\">\n\t\t\t\t\t\t<div class=\"pp-post-thumbnail\">\n\t\t\t<a class=\"pp-post-thumbnail-wrap\" href=\"https:\/\/tzrmetal.com\/de\/progressive-die-stamping\/\" title=\"Progressives Stanzen: Wann es sinnvoll ist und wann nicht\">\n\t\t\t\t<img fetchpriority=\"high\" decoding=\"async\" width=\"700\" height=\"391\" src=\"https:\/\/tzrmetal.com\/wp-content\/uploads\/2026\/03\/How-Progressive-Die-Stamping-Works.jpg\" class=\"attachment-large size-large wp-image-7627\" alt=\"So funktioniert das progressive Stanzen\" srcset=\"https:\/\/tzrmetal.com\/wp-content\/uploads\/2026\/03\/How-Progressive-Die-Stamping-Works.jpg 700w, https:\/\/tzrmetal.com\/wp-content\/uploads\/2026\/03\/How-Progressive-Die-Stamping-Works-300x168.jpg 300w, https:\/\/tzrmetal.com\/wp-content\/uploads\/2026\/03\/How-Progressive-Die-Stamping-Works-18x10.jpg 18w\" sizes=\"(max-width: 700px) 100vw, 700px\" \/>\t\t\t<\/a>\n\t\t<\/div>\n\t\t\n\t\t\t\t\n\t\t\t\t<div class=\"pp-post-content-wrap\">\n\t\t\t\t\t<div class=\"pp-post-content\">\n\t\t\t\t\t\t\t\t\t\t\t\t<h2 class=\"pp-post-title\">\n\t\t\t\t<a href=\"https:\/\/tzrmetal.com\/de\/progressive-die-stamping\/\">Progressives Stanzen: Wann es sinnvoll ist und wann nicht<\/a>\t\t\t<\/h2>\n\t\t\t\t\t\t\t\t<\/div>\n\t\t\t\t\t\t\t\t\t<\/div>\n\n\t\t\t\t\t\t\t<\/div>\n\t\t\t\t\t<\/div>\n\t\t\t\t<div class=\"pp-post-wrap pp-grid-item-wrap elementor-grid-item post-7571 post type-post status-publish format-standard has-post-thumbnail hentry category-uncategorized\">\n\t\t\t\t\t\t<div class=\"pp-post pp-grid-item\">\n\t\t\t\t\t\t<div class=\"pp-post-thumbnail\">\n\t\t\t<a class=\"pp-post-thumbnail-wrap\" href=\"https:\/\/tzrmetal.com\/de\/cnc-precision-machining\/\" title=\"CNC-Pr\u00e4zisionsbearbeitung: Worauf es bei einem Teil wirklich ankommt\">\n\t\t\t\t<img decoding=\"async\" width=\"750\" height=\"419\" src=\"https:\/\/tzrmetal.com\/wp-content\/uploads\/2026\/03\/When-Precision-Really-Matters.jpg\" class=\"attachment-large size-large wp-image-7573\" alt=\"Wenn Pr\u00e4zision wirklich wichtig ist\" srcset=\"https:\/\/tzrmetal.com\/wp-content\/uploads\/2026\/03\/When-Precision-Really-Matters.jpg 750w, https:\/\/tzrmetal.com\/wp-content\/uploads\/2026\/03\/When-Precision-Really-Matters-300x168.jpg 300w, https:\/\/tzrmetal.com\/wp-content\/uploads\/2026\/03\/When-Precision-Really-Matters-18x10.jpg 18w\" sizes=\"(max-width: 750px) 100vw, 750px\" \/>\t\t\t<\/a>\n\t\t<\/div>\n\t\t\n\t\t\t\t\n\t\t\t\t<div class=\"pp-post-content-wrap\">\n\t\t\t\t\t<div class=\"pp-post-content\">\n\t\t\t\t\t\t\t\t\t\t\t\t<h2 class=\"pp-post-title\">\n\t\t\t\t<a href=\"https:\/\/tzrmetal.com\/de\/cnc-precision-machining\/\">CNC-Pr\u00e4zisionsbearbeitung: Worauf es bei einem Teil wirklich ankommt<\/a>\t\t\t<\/h2>\n\t\t\t\t\t\t\t\t<\/div>\n\t\t\t\t\t\t\t\t\t<\/div>\n\n\t\t\t\t\t\t\t<\/div>\n\t\t\t\t\t<\/div>\n\t\t\t\t<div class=\"pp-post-wrap pp-grid-item-wrap elementor-grid-item post-7551 post type-post status-publish format-standard has-post-thumbnail hentry category-uncategorized\">\n\t\t\t\t\t\t<div class=\"pp-post pp-grid-item\">\n\t\t\t\t\t\t<div class=\"pp-post-thumbnail\">\n\t\t\t<a class=\"pp-post-thumbnail-wrap\" href=\"https:\/\/tzrmetal.com\/de\/copper-fabrication\/\" title=\"Kupferverarbeitung: Die Wahl der richtigen Sorte und des richtigen Verfahrens\">\n\t\t\t\t<img decoding=\"async\" width=\"650\" height=\"363\" src=\"https:\/\/tzrmetal.com\/wp-content\/uploads\/2026\/03\/Copper-Fabrication-in-Real-Manufacturing.jpg\" class=\"attachment-large size-large wp-image-7552\" alt=\"Kupferverarbeitung in der realen Fertigung\" srcset=\"https:\/\/tzrmetal.com\/wp-content\/uploads\/2026\/03\/Copper-Fabrication-in-Real-Manufacturing.jpg 650w, https:\/\/tzrmetal.com\/wp-content\/uploads\/2026\/03\/Copper-Fabrication-in-Real-Manufacturing-300x168.jpg 300w, https:\/\/tzrmetal.com\/wp-content\/uploads\/2026\/03\/Copper-Fabrication-in-Real-Manufacturing-18x10.jpg 18w\" sizes=\"(max-width: 650px) 100vw, 650px\" \/>\t\t\t<\/a>\n\t\t<\/div>\n\t\t\n\t\t\t\t\n\t\t\t\t<div class=\"pp-post-content-wrap\">\n\t\t\t\t\t<div class=\"pp-post-content\">\n\t\t\t\t\t\t\t\t\t\t\t\t<h2 class=\"pp-post-title\">\n\t\t\t\t<a href=\"https:\/\/tzrmetal.com\/de\/copper-fabrication\/\">Kupferverarbeitung: Die Wahl der richtigen Sorte und des richtigen Verfahrens<\/a>\t\t\t<\/h2>\n\t\t\t\t\t\t\t\t<\/div>\n\t\t\t\t\t\t\t\t\t<\/div>\n\n\t\t\t\t\t\t\t<\/div>\n\t\t\t\t\t<\/div>\n\t\t\t\t<div class=\"pp-post-wrap pp-grid-item-wrap elementor-grid-item post-7410 post type-post status-publish format-standard has-post-thumbnail hentry category-uncategorized\">\n\t\t\t\t\t\t<div class=\"pp-post pp-grid-item\">\n\t\t\t\t\t\t<div class=\"pp-post-thumbnail\">\n\t\t\t<a class=\"pp-post-thumbnail-wrap\" href=\"https:\/\/tzrmetal.com\/de\/brass-fabrication\/\" title=\"Verarbeitung von Messing: G\u00fcten, Verfahren und Oberfl\u00e4chenbehandlungen\">\n\t\t\t\t<img loading=\"lazy\" decoding=\"async\" width=\"750\" height=\"419\" src=\"https:\/\/tzrmetal.com\/wp-content\/uploads\/2026\/03\/Brass-Fabrication-in-a-Real-Manufacturing-Environment.jpg\" class=\"attachment-large size-large wp-image-7547\" alt=\"Messingverarbeitung in einer realen Produktionsumgebung\" srcset=\"https:\/\/tzrmetal.com\/wp-content\/uploads\/2026\/03\/Brass-Fabrication-in-a-Real-Manufacturing-Environment.jpg 750w, https:\/\/tzrmetal.com\/wp-content\/uploads\/2026\/03\/Brass-Fabrication-in-a-Real-Manufacturing-Environment-300x168.jpg 300w, https:\/\/tzrmetal.com\/wp-content\/uploads\/2026\/03\/Brass-Fabrication-in-a-Real-Manufacturing-Environment-18x10.jpg 18w\" sizes=\"(max-width: 750px) 100vw, 750px\" \/>\t\t\t<\/a>\n\t\t<\/div>\n\t\t\n\t\t\t\t\n\t\t\t\t<div class=\"pp-post-content-wrap\">\n\t\t\t\t\t<div class=\"pp-post-content\">\n\t\t\t\t\t\t\t\t\t\t\t\t<h2 class=\"pp-post-title\">\n\t\t\t\t<a href=\"https:\/\/tzrmetal.com\/de\/brass-fabrication\/\">Verarbeitung von Messing: G\u00fcten, Verfahren und Oberfl\u00e4chenbehandlungen<\/a>\t\t\t<\/h2>\n\t\t\t\t\t\t\t\t<\/div>\n\t\t\t\t\t\t\t\t\t<\/div>\n\n\t\t\t\t\t\t\t<\/div>\n\t\t\t\t\t<\/div>\n\t\t\t\t<div class=\"pp-post-wrap pp-grid-item-wrap elementor-grid-item post-7392 post type-post status-publish format-standard has-post-thumbnail hentry category-uncategorized\">\n\t\t\t\t\t\t<div class=\"pp-post pp-grid-item\">\n\t\t\t\t\t\t<div class=\"pp-post-thumbnail\">\n\t\t\t<a class=\"pp-post-thumbnail-wrap\" href=\"https:\/\/tzrmetal.com\/de\/alodine-coating-on-aluminum\/\" title=\"Alodine-Beschichtung auf Aluminium: Wann man sie verwenden sollte\uff1f\">\n\t\t\t\t<img loading=\"lazy\" decoding=\"async\" width=\"750\" height=\"500\" src=\"https:\/\/tzrmetal.com\/wp-content\/uploads\/2026\/03\/Alodine-Coating-on-Aluminum-in-a-Real-Manufacturing-Environment.jpg\" class=\"attachment-large size-large wp-image-7394\" alt=\"Alodine-Beschichtung auf Aluminium in einer realen Produktionsumgebung\" srcset=\"https:\/\/tzrmetal.com\/wp-content\/uploads\/2026\/03\/Alodine-Coating-on-Aluminum-in-a-Real-Manufacturing-Environment.jpg 750w, https:\/\/tzrmetal.com\/wp-content\/uploads\/2026\/03\/Alodine-Coating-on-Aluminum-in-a-Real-Manufacturing-Environment-300x200.jpg 300w, https:\/\/tzrmetal.com\/wp-content\/uploads\/2026\/03\/Alodine-Coating-on-Aluminum-in-a-Real-Manufacturing-Environment-18x12.jpg 18w\" sizes=\"(max-width: 750px) 100vw, 750px\" \/>\t\t\t<\/a>\n\t\t<\/div>\n\t\t\n\t\t\t\t\n\t\t\t\t<div class=\"pp-post-content-wrap\">\n\t\t\t\t\t<div class=\"pp-post-content\">\n\t\t\t\t\t\t\t\t\t\t\t\t<h2 class=\"pp-post-title\">\n\t\t\t\t<a href=\"https:\/\/tzrmetal.com\/de\/alodine-coating-on-aluminum\/\">Alodine-Beschichtung auf Aluminium: Wann man sie verwenden sollte\uff1f<\/a>\t\t\t<\/h2>\n\t\t\t\t\t\t\t\t<\/div>\n\t\t\t\t\t\t\t\t\t<\/div>\n\n\t\t\t\t\t\t\t<\/div>\n\t\t\t\t\t<\/div>\n\t\t\t\t<div class=\"pp-post-wrap pp-grid-item-wrap elementor-grid-item post-7383 post type-post status-publish format-standard has-post-thumbnail hentry category-uncategorized\">\n\t\t\t\t\t\t<div class=\"pp-post pp-grid-item\">\n\t\t\t\t\t\t<div class=\"pp-post-thumbnail\">\n\t\t\t<a class=\"pp-post-thumbnail-wrap\" href=\"https:\/\/tzrmetal.com\/de\/press-brake-forming\/\" title=\"Umformen mit der Abkantpresse: Ein praktischer Leitfaden f\u00fcr besseres Biegen\">\n\t\t\t\t<img loading=\"lazy\" decoding=\"async\" width=\"750\" height=\"500\" src=\"https:\/\/tzrmetal.com\/wp-content\/uploads\/2026\/03\/Common-Press-Brake-Forming-Problems-and-Quality-Control.jpg\" class=\"attachment-large size-large wp-image-7387\" alt=\"Allgemeine Probleme beim Umformen mit Abkantpressen und Qualit\u00e4tskontrolle\" srcset=\"https:\/\/tzrmetal.com\/wp-content\/uploads\/2026\/03\/Common-Press-Brake-Forming-Problems-and-Quality-Control.jpg 750w, https:\/\/tzrmetal.com\/wp-content\/uploads\/2026\/03\/Common-Press-Brake-Forming-Problems-and-Quality-Control-300x200.jpg 300w, https:\/\/tzrmetal.com\/wp-content\/uploads\/2026\/03\/Common-Press-Brake-Forming-Problems-and-Quality-Control-18x12.jpg 18w\" sizes=\"(max-width: 750px) 100vw, 750px\" \/>\t\t\t<\/a>\n\t\t<\/div>\n\t\t\n\t\t\t\t\n\t\t\t\t<div class=\"pp-post-content-wrap\">\n\t\t\t\t\t<div class=\"pp-post-content\">\n\t\t\t\t\t\t\t\t\t\t\t\t<h2 class=\"pp-post-title\">\n\t\t\t\t<a href=\"https:\/\/tzrmetal.com\/de\/press-brake-forming\/\">Umformen mit der Abkantpresse: Ein praktischer Leitfaden f\u00fcr besseres Biegen<\/a>\t\t\t<\/h2>\n\t\t\t\t\t\t\t\t<\/div>\n\t\t\t\t\t\t\t\t\t<\/div>\n\n\t\t\t\t\t\t\t<\/div>\n\t\t\t\t\t<\/div>\n\t\t\t\t\t\t\t\t\t<\/div>\n\t\t\t\n\t\t\t\n\t\t\t\n\t\t\t\n\t\t\t\t\t\t\t\t\t\t\t<div class=\"pp-posts-pagination-wrap pp-posts-pagination-bottom\">\n\t\t\t\t\t\t\t\t<nav class=\"pp-posts-pagination pp-posts-pagination-ajax elementor-pagination\" role=\"navigation\" aria-label=\"Paginierung\" data-total=\"17\">\n\t\t\t\t<span aria-current=\"page\" class=\"page-numbers current\">1<\/span>\n<a class=\"page-numbers\" href=\"https:\/\/tzrmetal.com\/wp-json\/wp\/v2\/pages\/61\/page\/2\/\">2<\/a>\n<a class=\"page-numbers\" href=\"https:\/\/tzrmetal.com\/wp-json\/wp\/v2\/pages\/61\/page\/3\/\">3<\/a>\n<span class=\"page-numbers dots\">...<\/span>\n<a class=\"page-numbers\" href=\"https:\/\/tzrmetal.com\/wp-json\/wp\/v2\/pages\/61\/page\/17\/\">17<\/a>\n<a class=\"next page-numbers\" href=\"https:\/\/tzrmetal.com\/wp-json\/wp\/v2\/pages\/61\/page\/2\/\">N\u00e4chste \"<\/a>\t\t\t<\/nav>\n\t\t\t\t\t\t\t<\/div>\n\t\t\t\t\t\t\t\t\t<\/div>\n\n\t\t\n\t\t\t\t\t\t<\/div>\n\t\t\t\t<\/div>\n\t\t\t\t\t<\/div>\n\t\t<\/div>\n\t\t\t\t\t<\/div>\n\t\t<\/section>\n\t\t\t\t<\/div>","protected":false},"excerpt":{"rendered":"<p>Alle Uncategorized Search Mastering Auto Body Fabrication: Der ultimative Prozessleitfaden Unibody vs. Body on Frame: Was Sie wissen sollten Leichtmetalle: Ein kompletter Leitfaden zu Eigenschaften, Arten, Anwendungen und Fertigung Vergleich zwischen 6061 und 7075 Aluminium: Welche Legierung ist die beste f\u00fcr Ihr Projekt? Aluminiumoberfl\u00e4chen erkl\u00e4rt: Die Auswahl der besten f\u00fcr Ihr Projekt Titan vs. Aluminium: [...]<\/p>","protected":false},"author":4,"featured_media":0,"parent":0,"menu_order":15,"comment_status":"closed","ping_status":"closed","template":"","meta":{"_acf_changed":false,"footnotes":""},"class_list":["post-61","page","type-page","status-publish","hentry"],"acf":[],"yoast_head":"<!-- This site is optimized with the Yoast SEO plugin v22.3 - https:\/\/yoast.com\/wordpress\/plugins\/seo\/ -->\n<title>Blogs - TZR Sheet Metal<\/title>\n<meta name=\"robots\" content=\"index, follow, max-snippet:-1, max-image-preview:large, max-video-preview:-1\" \/>\n<link rel=\"canonical\" href=\"https:\/\/tzrmetal.com\/de\/blogs\/\" \/>\n<meta property=\"og:locale\" content=\"de_DE\" \/>\n<meta property=\"og:type\" content=\"article\" \/>\n<meta property=\"og:title\" content=\"Blogs - TZR Sheet Metal\" \/>\n<meta property=\"og:description\" content=\"All Uncategorized Search Mastering Auto Body Fabrication: The Ultimate Process Guide Unibody vs Body on Frame: What You Should Know Lightweight Metals: A Complete Guide to Properties, Types, Applications &amp; Fabrication 6061 vs 7075 Aluminum Comparison: Which Alloy is Best for Your Project? Aluminum Finishes Explained: Choosing the Best for Your Project Titanium vs Aluminum: [&hellip;]\" \/>\n<meta property=\"og:url\" content=\"https:\/\/tzrmetal.com\/de\/blogs\/\" \/>\n<meta property=\"og:site_name\" content=\"TZR Sheet Metal\" \/>\n<meta property=\"article:modified_time\" content=\"2025-05-16T03:10:29+00:00\" \/>\n<meta property=\"og:image\" content=\"https:\/\/www.tzrmetal.com\/wp-content\/uploads\/2025\/05\/Auto-Body-Fabrication-1.webp\" \/>\n<meta name=\"twitter:card\" content=\"summary_large_image\" \/>\n<meta name=\"twitter:label1\" content=\"Gesch\u00e4tzte Lesezeit\" \/>\n\t<meta name=\"twitter:data1\" content=\"2\u00a0Minuten\" \/>\n<script type=\"application\/ld+json\" class=\"yoast-schema-graph\">{\"@context\":\"https:\/\/schema.org\",\"@graph\":[{\"@type\":\"WebPage\",\"@id\":\"https:\/\/tzrmetal.com\/blogs\/\",\"url\":\"https:\/\/tzrmetal.com\/blogs\/\",\"name\":\"Blogs - TZR Sheet Metal\",\"isPartOf\":{\"@id\":\"https:\/\/tzrmetal.com\/#website\"},\"primaryImageOfPage\":{\"@id\":\"https:\/\/tzrmetal.com\/blogs\/#primaryimage\"},\"image\":{\"@id\":\"https:\/\/tzrmetal.com\/blogs\/#primaryimage\"},\"thumbnailUrl\":\"https:\/\/www.tzrmetal.com\/wp-content\/uploads\/2025\/05\/Auto-Body-Fabrication-1.webp\",\"datePublished\":\"2024-03-25T03:04:35+00:00\",\"dateModified\":\"2025-05-16T03:10:29+00:00\",\"breadcrumb\":{\"@id\":\"https:\/\/tzrmetal.com\/blogs\/#breadcrumb\"},\"inLanguage\":\"de\",\"potentialAction\":[{\"@type\":\"ReadAction\",\"target\":[\"https:\/\/tzrmetal.com\/blogs\/\"]}]},{\"@type\":\"ImageObject\",\"inLanguage\":\"de\",\"@id\":\"https:\/\/tzrmetal.com\/blogs\/#primaryimage\",\"url\":\"https:\/\/tzrmetal.com\/wp-content\/uploads\/2025\/05\/Auto-Body-Fabrication-1.webp\",\"contentUrl\":\"https:\/\/tzrmetal.com\/wp-content\/uploads\/2025\/05\/Auto-Body-Fabrication-1.webp\",\"width\":1024,\"height\":768,\"caption\":\"Auto Body Fabrication (1)\"},{\"@type\":\"BreadcrumbList\",\"@id\":\"https:\/\/tzrmetal.com\/blogs\/#breadcrumb\",\"itemListElement\":[{\"@type\":\"ListItem\",\"position\":1,\"name\":\"Home\",\"item\":\"https:\/\/tzrmetal.com\/fr\/\"},{\"@type\":\"ListItem\",\"position\":2,\"name\":\"Blogs\"}]},{\"@type\":\"WebSite\",\"@id\":\"https:\/\/tzrmetal.com\/#website\",\"url\":\"https:\/\/tzrmetal.com\/\",\"name\":\"tzrsheetmetal\",\"description\":\"My WordPress Blog\",\"publisher\":{\"@id\":\"https:\/\/tzrmetal.com\/#organization\"},\"potentialAction\":[{\"@type\":\"SearchAction\",\"target\":{\"@type\":\"EntryPoint\",\"urlTemplate\":\"https:\/\/tzrmetal.com\/?s={search_term_string}\"},\"query-input\":\"required name=search_term_string\"}],\"inLanguage\":\"de\"},{\"@type\":\"Organization\",\"@id\":\"https:\/\/tzrmetal.com\/#organization\",\"name\":\"TZR Sheet Metal\",\"url\":\"https:\/\/tzrmetal.com\/\",\"logo\":{\"@type\":\"ImageObject\",\"inLanguage\":\"de\",\"@id\":\"https:\/\/tzrmetal.com\/#\/schema\/logo\/image\/\",\"url\":\"https:\/\/tzrmetal.com\/wp-content\/uploads\/2024\/03\/TZR-logo.png\",\"contentUrl\":\"https:\/\/tzrmetal.com\/wp-content\/uploads\/2024\/03\/TZR-logo.png\",\"width\":1749,\"height\":646,\"caption\":\"TZR Sheet Metal\"},\"image\":{\"@id\":\"https:\/\/tzrmetal.com\/#\/schema\/logo\/image\/\"}}]}<\/script>\n<!-- \/ Yoast SEO plugin. -->","yoast_head_json":{"title":"Blogs - TZR Sheet Metal","robots":{"index":"index","follow":"follow","max-snippet":"max-snippet:-1","max-image-preview":"max-image-preview:large","max-video-preview":"max-video-preview:-1"},"canonical":"https:\/\/tzrmetal.com\/de\/blogs\/","og_locale":"de_DE","og_type":"article","og_title":"Blogs - TZR Sheet Metal","og_description":"All Uncategorized Search Mastering Auto Body Fabrication: The Ultimate Process Guide Unibody vs Body on Frame: What You Should Know Lightweight Metals: A Complete Guide to Properties, Types, Applications &amp; Fabrication 6061 vs 7075 Aluminum Comparison: Which Alloy is Best for Your Project? Aluminum Finishes Explained: Choosing the Best for Your Project Titanium vs Aluminum: [&hellip;]","og_url":"https:\/\/tzrmetal.com\/de\/blogs\/","og_site_name":"TZR Sheet Metal","article_modified_time":"2025-05-16T03:10:29+00:00","og_image":[{"url":"https:\/\/www.tzrmetal.com\/wp-content\/uploads\/2025\/05\/Auto-Body-Fabrication-1.webp"}],"twitter_card":"summary_large_image","twitter_misc":{"Gesch\u00e4tzte Lesezeit":"2\u00a0Minuten"},"schema":{"@context":"https:\/\/schema.org","@graph":[{"@type":"WebPage","@id":"https:\/\/tzrmetal.com\/blogs\/","url":"https:\/\/tzrmetal.com\/blogs\/","name":"Blogs - TZR Sheet Metal","isPartOf":{"@id":"https:\/\/tzrmetal.com\/#website"},"primaryImageOfPage":{"@id":"https:\/\/tzrmetal.com\/blogs\/#primaryimage"},"image":{"@id":"https:\/\/tzrmetal.com\/blogs\/#primaryimage"},"thumbnailUrl":"https:\/\/www.tzrmetal.com\/wp-content\/uploads\/2025\/05\/Auto-Body-Fabrication-1.webp","datePublished":"2024-03-25T03:04:35+00:00","dateModified":"2025-05-16T03:10:29+00:00","breadcrumb":{"@id":"https:\/\/tzrmetal.com\/blogs\/#breadcrumb"},"inLanguage":"de","potentialAction":[{"@type":"ReadAction","target":["https:\/\/tzrmetal.com\/blogs\/"]}]},{"@type":"ImageObject","inLanguage":"de","@id":"https:\/\/tzrmetal.com\/blogs\/#primaryimage","url":"https:\/\/tzrmetal.com\/wp-content\/uploads\/2025\/05\/Auto-Body-Fabrication-1.webp","contentUrl":"https:\/\/tzrmetal.com\/wp-content\/uploads\/2025\/05\/Auto-Body-Fabrication-1.webp","width":1024,"height":768,"caption":"Auto Body Fabrication (1)"},{"@type":"BreadcrumbList","@id":"https:\/\/tzrmetal.com\/blogs\/#breadcrumb","itemListElement":[{"@type":"ListItem","position":1,"name":"Home","item":"https:\/\/tzrmetal.com\/fr\/"},{"@type":"ListItem","position":2,"name":"Blogs"}]},{"@type":"WebSite","@id":"https:\/\/tzrmetal.com\/#website","url":"https:\/\/tzrmetal.com\/","name":"tzrsheetmetal","description":"My WordPress Blog","publisher":{"@id":"https:\/\/tzrmetal.com\/#organization"},"potentialAction":[{"@type":"SearchAction","target":{"@type":"EntryPoint","urlTemplate":"https:\/\/tzrmetal.com\/?s={search_term_string}"},"query-input":"required name=search_term_string"}],"inLanguage":"de"},{"@type":"Organization","@id":"https:\/\/tzrmetal.com\/#organization","name":"TZR Sheet Metal","url":"https:\/\/tzrmetal.com\/","logo":{"@type":"ImageObject","inLanguage":"de","@id":"https:\/\/tzrmetal.com\/#\/schema\/logo\/image\/","url":"https:\/\/tzrmetal.com\/wp-content\/uploads\/2024\/03\/TZR-logo.png","contentUrl":"https:\/\/tzrmetal.com\/wp-content\/uploads\/2024\/03\/TZR-logo.png","width":1749,"height":646,"caption":"TZR Sheet Metal"},"image":{"@id":"https:\/\/tzrmetal.com\/#\/schema\/logo\/image\/"}}]}},"_links":{"self":[{"href":"https:\/\/tzrmetal.com\/de\/wp-json\/wp\/v2\/pages\/61","targetHints":{"allow":["GET"]}}],"collection":[{"href":"https:\/\/tzrmetal.com\/de\/wp-json\/wp\/v2\/pages"}],"about":[{"href":"https:\/\/tzrmetal.com\/de\/wp-json\/wp\/v2\/types\/page"}],"author":[{"embeddable":true,"href":"https:\/\/tzrmetal.com\/de\/wp-json\/wp\/v2\/users\/4"}],"replies":[{"embeddable":true,"href":"https:\/\/tzrmetal.com\/de\/wp-json\/wp\/v2\/comments?post=61"}],"version-history":[{"count":25,"href":"https:\/\/tzrmetal.com\/de\/wp-json\/wp\/v2\/pages\/61\/revisions"}],"predecessor-version":[{"id":5766,"href":"https:\/\/tzrmetal.com\/de\/wp-json\/wp\/v2\/pages\/61\/revisions\/5766"}],"wp:attachment":[{"href":"https:\/\/tzrmetal.com\/de\/wp-json\/wp\/v2\/media?parent=61"}],"curies":[{"name":"wp","href":"https:\/\/api.w.org\/{rel}","templated":true}]}}